{"id":31,"date":"2021-11-11T13:42:00","date_gmt":"2021-11-11T13:42:00","guid":{"rendered":"http:\/\/192.168.1.192\/?page_id=31"},"modified":"2024-05-22T11:21:27","modified_gmt":"2024-05-22T11:21:27","slug":"committees","status":"publish","type":"page","link":"https:\/\/site2024.spilab.es\/?page_id=31","title":{"rendered":"Committees"},"content":{"rendered":"\n<h2 class=\"wp-block-heading has-text-align-center\">Workshop Chairs<\/h2>\n\n\n\n<div class=\"wp-block-columns is-layout-flex wp-container-core-columns-is-layout-28f84493 wp-block-columns-is-layout-flex\">\n<div class=\"wp-block-column is-layout-flow wp-block-column-is-layout-flow\">\n<figure class=\"wp-block-image aligncenter size-full is-resized is-style-rounded\"><img decoding=\"async\" src=\"https:\/\/ipsn2023.spilab.es\/wp-content\/uploads\/2021\/11\/Foto-Jaime-Galan-edited.jpg\" alt=\"\" class=\"wp-image-142\" style=\"width:256px;height:undefinedpx\"\/><figcaption class=\"wp-element-caption\"><strong>Jaime Gal\u00e1n-Jim\u00e9nez<\/strong><br><em>University of Extremadura<\/em><br><strong>Spain<\/strong><br><a rel=\"noreferrer noopener\" href=\"mailto:jaime@unex.es\" target=\"_blank\">jaime@unex.es<\/a>\n<\/figcaption><\/figure>\n<\/div>\n\n\n\n<div class=\"wp-block-column is-layout-flow wp-block-column-is-layout-flow\">\n<figure class=\"wp-block-image aligncenter size-large is-resized is-style-rounded\"><img decoding=\"async\" src=\"https:\/\/site2024.spilab.es\/wp-content\/uploads\/2024\/05\/Riccardo-Venanzi.jpg\" alt=\"\" style=\"width:256px;height:undefinedpx\"\/><figcaption class=\"wp-element-caption\"><strong>Riccardo Venanzi<\/strong><br><em>University of Bologna<\/em><br><strong>Italy<\/strong><br><a href=\"mailto:riccardo.venanzi@unibo.it\" data-type=\"mailto\" data-id=\"mailto:riccardo.venanzi@unibo.it\" target=\"_blank\" rel=\"noreferrer noopener\">riccardo.venanzi@unibo.it<\/a><\/figcaption><\/figure>\n<\/div>\n\n\n\n<div class=\"wp-block-column is-layout-flow wp-block-column-is-layout-flow\">\n<figure class=\"wp-block-image aligncenter size-large is-resized is-style-rounded\"><img decoding=\"async\" src=\"https:\/\/site2024.spilab.es\/wp-content\/uploads\/2024\/05\/Kuebra-Duran.jpg\" alt=\"\" style=\"width:256px;height:256px\"\/><figcaption class=\"wp-element-caption\"><strong>Kubra Duran<\/strong><br><em>Edinburgh Napier University<\/em><br><strong>United Kingdom<\/strong><br><a href=\"mailto:kubra.duran@napier.ac.uk\" data-type=\"mailto\" data-id=\"mailto:kubra.duran@napier.ac.uk\" target=\"_blank\" rel=\"noreferrer noopener\">kubra.duran@napier.ac.uk<\/a><\/figcaption><\/figure>\n<\/div>\n<\/div>\n\n\n\n<h2 class=\"wp-block-heading has-text-align-center\">Publicity Chairs<\/h2>\n\n\n\n<div class=\"wp-block-columns is-layout-flex wp-container-core-columns-is-layout-28f84493 wp-block-columns-is-layout-flex\">\n<div class=\"wp-block-column is-layout-flow wp-block-column-is-layout-flow\">\n<figure class=\"wp-block-image aligncenter size-large is-resized is-style-rounded\"><img decoding=\"async\" src=\"https:\/\/site2024.spilab.es\/wp-content\/uploads\/2024\/05\/Andrea-Garbugli.jpg\" alt=\"\" style=\"width:285px;height:275px\"\/><figcaption class=\"wp-element-caption\"><strong>Andrea Garbugli<\/strong><br><em>University of Bologna<\/em><br><strong>Italy<\/strong><br><a href=\"mailto:andrea.garbugli@unibo.it\" data-type=\"mailto\" data-id=\"mailto:andrea.garbugli@unibo.it\" target=\"_blank\" rel=\"noreferrer noopener\">andrea.garbugli@unibo.it<\/a><\/figcaption><\/figure>\n<\/div>\n\n\n\n<div class=\"wp-block-column is-layout-flow wp-block-column-is-layout-flow\">\n<figure class=\"wp-block-image aligncenter size-large is-resized is-style-rounded\"><img decoding=\"async\" src=\"https:\/\/site2024.spilab.es\/wp-content\/uploads\/2024\/05\/Muege-Erel-Ozcevik.jpg\" alt=\"\" style=\"width:256px;height:256px\"\/><figcaption class=\"wp-element-caption\"><strong>Muge Erel-\u00d6z\u00e7evik<\/strong><br>Manisa Celal Bayar University<br><strong>Turkey<\/strong><br><a href=\"mailto:erelmu@itu.edu.tr\" data-type=\"mailto\" data-id=\"mailto:erelmu@itu.edu.tr\" target=\"_blank\" rel=\"noreferrer noopener\">erelmu@itu.edu.tr<\/a><\/figcaption><\/figure>\n<\/div>\n<\/div>\n\n\n\n<h2 class=\"wp-block-heading has-text-align-center\">Web Chair<\/h2>\n\n\n\n<div class=\"wp-block-columns is-layout-flex wp-container-core-columns-is-layout-28f84493 wp-block-columns-is-layout-flex\">\n<div class=\"wp-block-column is-layout-flow wp-block-column-is-layout-flow\">\n<figure class=\"wp-block-image aligncenter size-large is-resized is-style-rounded\"><img decoding=\"async\" src=\"https:\/\/site2024.spilab.es\/wp-content\/uploads\/2024\/05\/WhatsApp-Image-2024-05-22-at-13.19.46.jpeg\" alt=\"\" style=\"width:256px;height:256px\"\/><figcaption class=\"wp-element-caption\"><strong>Andr\u00e9s Garc\u00eda-L\u00f3pez<\/strong><br><em>University of Extremadura<\/em><br><strong>Spain<\/strong><br><a href=\"mailto:andresgl@unex.es\" data-type=\"mailto\" data-id=\"mailto:andresgl@unex.es\" target=\"_blank\" rel=\"noreferrer noopener\">andresgl@unex.es<\/a><\/figcaption><\/figure>\n<\/div>\n<\/div>\n\n\n\n<h2 class=\"wp-block-heading has-text-align-center\">Technical Program Committee (TPC)<\/h2>\n\n\n\n<div class=\"wp-block-columns is-layout-flex wp-container-core-columns-is-layout-28f84493 wp-block-columns-is-layout-flex\">\n<div class=\"wp-block-column is-layout-flow wp-block-column-is-layout-flow\">\n<figure class=\"wp-block-image aligncenter size-large is-resized is-style-rounded\"><img decoding=\"async\" src=\"https:\/\/site2024.spilab.es\/wp-content\/uploads\/2024\/05\/claudio-fiandrino.jpg\" alt=\"\" style=\"object-fit:cover;width:280px;height:282px\"\/><figcaption class=\"wp-element-caption\"><strong>Claudio Fiandrino<\/strong><br><em>IMDEA Networks Institute<\/em><br><strong>Spain<\/strong><\/figcaption><\/figure>\n<\/div>\n\n\n\n<div class=\"wp-block-column is-layout-flow wp-block-column-is-layout-flow\">\n<figure class=\"wp-block-image aligncenter size-large is-resized is-style-rounded\"><img decoding=\"async\" src=\"https:\/\/site2024.spilab.es\/wp-content\/uploads\/2024\/05\/Daniel-Flores-Martin.jpg\" alt=\"\" style=\"width:280px;height:288px\"\/><figcaption class=\"wp-element-caption\"><strong>Daniel Flores-Martin<\/strong><br><em>University of Extremadura<\/em><br><strong>Spain<\/strong><\/figcaption><\/figure>\n<\/div>\n\n\n\n<div class=\"wp-block-column is-layout-flow wp-block-column-is-layout-flow\">\n<figure class=\"wp-block-image aligncenter size-large is-resized is-style-rounded\"><img decoding=\"async\" src=\"https:\/\/site2024.spilab.es\/wp-content\/uploads\/2024\/05\/Luca-Foschini.jpg\" alt=\"\" style=\"object-fit:cover;width:280px;height:288px\"\/><figcaption class=\"wp-element-caption\"><strong>Luca Foschini<\/strong><br><em>University of Bologna<\/em><br><strong>Italy<\/strong><\/figcaption><\/figure>\n<\/div>\n<\/div>\n\n\n\n<div class=\"wp-block-columns is-layout-flex wp-container-core-columns-is-layout-28f84493 wp-block-columns-is-layout-flex\">\n<div class=\"wp-block-column is-layout-flow wp-block-column-is-layout-flow\">\n<figure class=\"wp-block-image aligncenter size-large is-resized is-style-rounded\"><img decoding=\"async\" src=\"https:\/\/site2024.spilab.es\/wp-content\/uploads\/2024\/05\/simon-dahdal.jpeg\" alt=\"\" style=\"object-fit:cover;width:280px;height:288px\"\/><figcaption class=\"wp-element-caption\"><strong>Simon Dahdal<\/strong><br><em>University of Ferrara<\/em><br><strong>Italy<\/strong><\/figcaption><\/figure>\n<\/div>\n\n\n\n<div class=\"wp-block-column is-layout-flow wp-block-column-is-layout-flow\">\n<figure class=\"wp-block-image aligncenter size-full is-resized is-style-rounded\"><img decoding=\"async\" src=\"https:\/\/ipsn2023.spilab.es\/wp-content\/uploads\/2022\/11\/VascoIPSN.jpg\" alt=\"\" class=\"wp-image-29\" style=\"object-fit:cover;width:280px;height:288px\"\/><figcaption class=\"wp-element-caption\"><strong>Vasco N.G. J. Soares<\/strong><br><em> <em>Escola Superior de Tecnologia do Instituto Polit\u00e9cnico de Castelo Branco<\/em><\/em><br><strong>Portugal<\/strong><br><\/figcaption><\/figure>\n<\/div>\n\n\n\n<div class=\"wp-block-column is-layout-flow wp-block-column-is-layout-flow\">\n<figure class=\"wp-block-image aligncenter size-large is-resized is-style-rounded\"><img decoding=\"async\" src=\"https:\/\/site2024.spilab.es\/wp-content\/uploads\/2024\/05\/armir-bujari.png\" alt=\"\" style=\"object-fit:cover;width:280px;height:288px\"\/><figcaption class=\"wp-element-caption\"><strong>Armir Bujari<\/strong><br><em>University of Bologna<\/em><br><strong>Italy<\/strong><\/figcaption><\/figure>\n<\/div>\n<\/div>\n\n\n\n<div class=\"wp-block-columns is-layout-flex wp-container-core-columns-is-layout-28f84493 wp-block-columns-is-layout-flex\">\n<div class=\"wp-block-column is-layout-flow wp-block-column-is-layout-flow\">\n<figure class=\"wp-block-image aligncenter size-large is-resized is-style-rounded\"><img decoding=\"async\" src=\"https:\/\/site2024.spilab.es\/wp-content\/uploads\/2024\/05\/kohei-shiomoto.jpeg\" alt=\"\" style=\"object-fit:cover;width:280px;height:288px\"\/><figcaption class=\"wp-element-caption\"><strong>Kohei Shiomoto<\/strong><br><em>Tokyo City University<\/em><br><strong>Japan<\/strong><\/figcaption><\/figure>\n<\/div>\n\n\n\n<div class=\"wp-block-column is-layout-flow wp-block-column-is-layout-flow\">\n<figure class=\"wp-block-image aligncenter size-large is-resized is-style-rounded\"><img decoding=\"async\" src=\"https:\/\/site2024.spilab.es\/wp-content\/uploads\/2024\/05\/oscar-mauricio-caicedo.jpg\" alt=\"\" style=\"object-fit:cover;width:280px;height:288px\"\/><figcaption class=\"wp-element-caption\"><strong><strong>Oscar Mauricio Caicedo<\/strong><br><\/strong><em>Univerisity of Cauca<\/em><strong><br><strong>Colombia<\/strong><\/strong><\/figcaption><\/figure>\n<\/div>\n\n\n\n<div class=\"wp-block-column is-layout-flow wp-block-column-is-layout-flow\">\n<figure class=\"wp-block-image aligncenter size-large is-resized is-style-rounded\"><img decoding=\"async\" src=\"https:\/\/site2024.spilab.es\/wp-content\/uploads\/2024\/05\/susana-sargento.jpg\" alt=\"\" style=\"object-fit:cover;width:280px;height:288px\"\/><figcaption class=\"wp-element-caption\"><strong>Susana Sargento<\/strong><br><em>University of Aveiro<\/em><br><strong>Portugal<\/strong><br><\/figcaption><\/figure>\n<\/div>\n<\/div>\n\n\n\n<div class=\"wp-block-columns is-layout-flex wp-container-core-columns-is-layout-28f84493 wp-block-columns-is-layout-flex\">\n<div class=\"wp-block-column is-layout-flow wp-block-column-is-layout-flow\">\n<figure class=\"wp-block-image aligncenter size-large is-resized is-style-rounded\"><img decoding=\"async\" src=\"https:\/\/site2024.spilab.es\/wp-content\/uploads\/2024\/05\/jose-garcia.jpeg\" alt=\"\" style=\"object-fit:cover;width:280px;height:288px\"\/><figcaption class=\"wp-element-caption\"><strong>Jos\u00e9 Garc\u00eda-Alonso<\/strong><br><em>University of Extremadura<\/em><br><strong>Spain<\/strong><\/figcaption><\/figure>\n<\/div>\n\n\n\n<div class=\"wp-block-column is-layout-flow wp-block-column-is-layout-flow\">\n<figure class=\"wp-block-image aligncenter size-large is-resized is-style-rounded\"><img decoding=\"async\" src=\"https:\/\/site2024.spilab.es\/wp-content\/uploads\/2024\/05\/berk-canberk.jpg\" alt=\"\" style=\"object-fit:cover;width:280px;height:288px\"\/><figcaption class=\"wp-element-caption\"><strong>Berk Canberk<\/strong><br><em>Edinburgh Napier University<\/em><br><strong>United Kingdom<\/strong><\/figcaption><\/figure>\n<\/div>\n\n\n\n<div class=\"wp-block-column is-layout-flow wp-block-column-is-layout-flow\">\n<figure class=\"wp-block-image aligncenter size-large is-resized is-style-rounded\"><img decoding=\"async\" src=\"https:\/\/site2024.spilab.es\/wp-content\/uploads\/2024\/05\/gokhan.jpg\" alt=\"\" style=\"aspect-ratio:0.9722222222222222;object-fit:cover;width:280px;height:auto\"\/><figcaption class=\"wp-element-caption\"><strong>G\u00f6khan Se\u00e7inti<\/strong><br><em>Istanbul Technical University<\/em><br><strong>Turkey<\/strong><\/figcaption><\/figure>\n<\/div>\n<\/div>\n\n\n\n<div class=\"wp-block-columns is-layout-flex wp-container-core-columns-is-layout-28f84493 wp-block-columns-is-layout-flex\">\n<div class=\"wp-block-column is-layout-flow wp-block-column-is-layout-flow\">\n<figure class=\"wp-block-image aligncenter size-large is-resized is-style-rounded\"><img decoding=\"async\" src=\"https:\/\/site2024.spilab.es\/wp-content\/uploads\/2024\/05\/guadalupe-ortiz.png\" alt=\"\" style=\"object-fit:cover;width:280px;height:288px\"\/><figcaption class=\"wp-element-caption\"><strong>Guadalupe Ortiz<\/strong><br><em>University of Cadiz<\/em><br><strong>Spain<\/strong><\/figcaption><\/figure>\n<\/div>\n\n\n\n<div class=\"wp-block-column is-layout-flow wp-block-column-is-layout-flow\">\n<figure class=\"wp-block-image aligncenter size-large is-resized is-style-rounded\"><img decoding=\"async\" src=\"https:\/\/site2024.spilab.es\/wp-content\/uploads\/2023\/10\/Mauro-Tortonesi-1.jpg\" alt=\"\" style=\"object-fit:cover;width:280px;height:288px\"\/><figcaption class=\"wp-element-caption\"><strong>Mauro Tortonesi<\/strong><br><em>University of Ferrara<\/em><br><strong>Italy<\/strong><\/figcaption><\/figure>\n<\/div>\n\n\n\n<div class=\"wp-block-column is-layout-flow wp-block-column-is-layout-flow\">\n<figure class=\"wp-block-image aligncenter size-large is-resized is-style-rounded\"><img decoding=\"async\" src=\"https:\/\/site2024.spilab.es\/wp-content\/uploads\/2024\/05\/zeeshan-pervez.png\" alt=\"\" style=\"object-fit:cover;width:280px;height:288px\"\/><figcaption class=\"wp-element-caption\"><strong>Zeeshan Pervez<\/strong><br><em>University of the West of Scotland<\/em><br><strong>United Kingdom<\/strong><\/figcaption><\/figure>\n<\/div>\n<\/div>\n\n\n\n<div class=\"wp-block-columns is-layout-flex wp-container-core-columns-is-layout-28f84493 wp-block-columns-is-layout-flex\">\n<div class=\"wp-block-column is-layout-flow wp-block-column-is-layout-flow\">\n<figure class=\"wp-block-image aligncenter size-large is-resized has-custom-border is-style-rounded\"><img decoding=\"async\" src=\"https:\/\/site2024.spilab.es\/wp-content\/uploads\/2024\/05\/Giuseppe-Di-Modica.jpg\" alt=\"\" style=\"border-style:none;border-width:0px;object-fit:cover;width:285px;height:275px\"\/><figcaption class=\"wp-element-caption\"><strong>Giuseppe Di Modica<\/strong><br><em>University of Bologna<\/em><br><strong>Italy<\/strong><\/figcaption><\/figure>\n<\/div>\n\n\n\n<div class=\"wp-block-column is-layout-flow wp-block-column-is-layout-flow\">\n<figure class=\"wp-block-image aligncenter size-large is-resized is-style-rounded\"><img decoding=\"async\" src=\"https:\/\/site2024.spilab.es\/wp-content\/uploads\/2024\/05\/Andrea-Garbugli.jpg\" alt=\"\" style=\"width:256px;height:256px\"\/><figcaption class=\"wp-element-caption\"><strong>Andrea Garbugli<\/strong><br>University of Bologna<br><strong>Italy<\/strong><\/figcaption><\/figure>\n<\/div>\n<\/div>\n","protected":false},"excerpt":{"rendered":"<p>Workshop Chairs Publicity Chairs Web Chair Technical Program Committee (TPC)<\/p>\n","protected":false},"author":1,"featured_media":0,"parent":0,"menu_order":0,"comment_status":"closed","ping_status":"closed","template":"","meta":{"site-sidebar-layout":"no-sidebar","site-content-layout":"boxed-container","ast-site-content-layout":"normal-width-container","site-content-style":"boxed","site-sidebar-style":"boxed","ast-global-header-display":"","ast-banner-title-visibility":"","ast-main-header-display":"","ast-hfb-above-header-display":"","ast-hfb-below-header-display":"","ast-hfb-mobile-header-display":"","site-post-title":"","ast-breadcrumbs-content":"","ast-featured-img":"","footer-sml-layout":"","theme-transparent-header-meta":"","adv-header-id-meta":"","stick-header-meta":"","header-above-stick-meta":"","header-main-stick-meta":"","header-below-stick-meta":"","astra-migrate-meta-layouts":"","ast-page-background-enabled":"default","ast-page-background-meta":{"desktop":{"background-color":"var(--ast-global-color-4)","background-image":"","background-repeat":"repeat","background-position":"center center","background-size":"auto","background-attachment":"scroll","background-type":"","background-media":"","overlay-type":"","overlay-color":"","overlay-gradient":""},"tablet":{"background-color":"","background-image":"","background-repeat":"repeat","background-position":"center center","background-size":"auto","background-attachment":"scroll","background-type":"","background-media":"","overlay-type":"","overlay-color":"","overlay-gradient":""},"mobile":{"background-color":"","background-image":"","background-repeat":"repeat","background-position":"center center","background-size":"auto","background-attachment":"scroll","background-type":"","background-media":"","overlay-type":"","overlay-color":"","overlay-gradient":""}},"ast-content-background-meta":{"desktop":{"background-color":"var(--ast-global-color-5)","background-image":"","background-repeat":"repeat","background-position":"center center","background-size":"auto","background-attachment":"scroll","background-type":"","background-media":"","overlay-type":"","overlay-color":"","overlay-gradient":""},"tablet":{"background-color":"var(--ast-global-color-5)","background-image":"","background-repeat":"repeat","background-position":"center center","background-size":"auto","background-attachment":"scroll","background-type":"","background-media":"","overlay-type":"","overlay-color":"","overlay-gradient":""},"mobile":{"background-color":"var(--ast-global-color-5)","background-image":"","background-repeat":"repeat","background-position":"center center","background-size":"auto","background-attachment":"scroll","background-type":"","background-media":"","overlay-type":"","overlay-color":"","overlay-gradient":""}},"footnotes":""},"class_list":["post-31","page","type-page","status-publish","hentry"],"_links":{"self":[{"href":"https:\/\/site2024.spilab.es\/index.php?rest_route=\/wp\/v2\/pages\/31","targetHints":{"allow":["GET"]}}],"collection":[{"href":"https:\/\/site2024.spilab.es\/index.php?rest_route=\/wp\/v2\/pages"}],"about":[{"href":"https:\/\/site2024.spilab.es\/index.php?rest_route=\/wp\/v2\/types\/page"}],"author":[{"embeddable":true,"href":"https:\/\/site2024.spilab.es\/index.php?rest_route=\/wp\/v2\/users\/1"}],"replies":[{"embeddable":true,"href":"https:\/\/site2024.spilab.es\/index.php?rest_route=%2Fwp%2Fv2%2Fcomments&post=31"}],"version-history":[{"count":10,"href":"https:\/\/site2024.spilab.es\/index.php?rest_route=\/wp\/v2\/pages\/31\/revisions"}],"predecessor-version":[{"id":883,"href":"https:\/\/site2024.spilab.es\/index.php?rest_route=\/wp\/v2\/pages\/31\/revisions\/883"}],"wp:attachment":[{"href":"https:\/\/site2024.spilab.es\/index.php?rest_route=%2Fwp%2Fv2%2Fmedia&parent=31"}],"curies":[{"name":"wp","href":"https:\/\/api.w.org\/{rel}","templated":true}]}}